{"id":212,"date":"2025-09-09T14:17:39","date_gmt":"2025-09-09T12:17:39","guid":{"rendered":"https:\/\/idieducacionmedica.umh.es\/?page_id=212"},"modified":"2025-09-10T12:14:59","modified_gmt":"2025-09-10T10:14:59","slug":"innovacion-con-materiales-y-tecnicas","status":"publish","type":"page","link":"https:\/\/idieducacionmedica.umh.es\/ca\/trabajando-en-ello\/innovacion-con-materiales-y-tecnicas\/","title":{"rendered":"<span lang=\"es\">(Espa\u00f1ol) Innovaci\u00f3n con materiales y t\u00e9cnicas<\/span>"},"content":{"rendered":"<p class=\"qtranxs-available-languages-message qtranxs-available-languages-message-ca\">Ho sentim, aquesta entrada es troba disponible \u00fanicament en <a href=\"https:\/\/idieducacionmedica.umh.es\/es\/wp-json\/wp\/v2\/pages\/212\" class=\"qtranxs-available-language-link qtranxs-available-language-link-es\" title=\"Espa\u00f1ol\">Espanyol Europeu<\/a>.<\/p>","protected":false},"excerpt":{"rendered":"<p>Ho sentim, aquesta entrada es troba disponible \u00fanicament en Espanyol Europeu.<\/p>\n","protected":false},"author":3222,"featured_media":0,"parent":68,"menu_order":0,"comment_status":"closed","ping_status":"closed","template":"","meta":{"_links_to":"","_links_to_target":""},"_links":{"self":[{"href":"https:\/\/idieducacionmedica.umh.es\/ca\/wp-json\/wp\/v2\/pages\/212"}],"collection":[{"href":"https:\/\/idieducacionmedica.umh.es\/ca\/wp-json\/wp\/v2\/pages"}],"about":[{"href":"https:\/\/idieducacionmedica.umh.es\/ca\/wp-json\/wp\/v2\/types\/page"}],"author":[{"embeddable":true,"href":"https:\/\/idieducacionmedica.umh.es\/ca\/wp-json\/wp\/v2\/users\/3222"}],"replies":[{"embeddable":true,"href":"https:\/\/idieducacionmedica.umh.es\/ca\/wp-json\/wp\/v2\/comments?post=212"}],"version-history":[{"count":0,"href":"https:\/\/idieducacionmedica.umh.es\/ca\/wp-json\/wp\/v2\/pages\/212\/revisions"}],"up":[{"embeddable":true,"href":"https:\/\/idieducacionmedica.umh.es\/ca\/wp-json\/wp\/v2\/pages\/68"}],"wp:attachment":[{"href":"https:\/\/idieducacionmedica.umh.es\/ca\/wp-json\/wp\/v2\/media?parent=212"}],"curies":[{"name":"wp","href":"https:\/\/api.w.org\/{rel}","templated":true}]}}